{"id":5,"date":"2020-01-13T11:17:52","date_gmt":"2020-01-13T11:17:52","guid":{"rendered":"https:\/\/demosites.io\/web-agency-gb\/?page_id=5"},"modified":"2023-04-13T12:53:33","modified_gmt":"2023-04-13T12:53:33","slug":"15c42-web-agency-gb-home","status":"publish","type":"page","link":"https:\/\/glamlaw.pl\/","title":{"rendered":"Home"},"content":{"rendered":"\n<div class=\"wp-block-cover alignfull\" style=\"min-height:654px;aspect-ratio:unset;\"><span aria-hidden=\"true\" class=\"wp-block-cover__background has-nv-site-bg-background-color has-background-dim\"><\/span><div class=\"wp-block-cover__inner-container is-layout-flow wp-block-cover-is-layout-flow\">\n<div class=\"wp-block-media-text alignwide is-stacked-on-mobile has-nv-site-bg-background-color has-background\" style=\"grid-template-columns:34% auto\"><figure class=\"wp-block-media-text__media\"><img loading=\"lazy\" decoding=\"async\" width=\"500\" height=\"500\" src=\"https:\/\/glamlaw.pl\/wp-content\/uploads\/2022\/11\/1.png\" alt=\"\" class=\"wp-image-482 size-full\" srcset=\"https:\/\/glamlaw.pl\/wp-content\/uploads\/2022\/11\/1.png 500w, https:\/\/glamlaw.pl\/wp-content\/uploads\/2022\/11\/1-300x300.png 300w, https:\/\/glamlaw.pl\/wp-content\/uploads\/2022\/11\/1-150x150.png 150w\" sizes=\"auto, (max-width: 500px) 100vw, 500px\" \/><\/figure><div class=\"wp-block-media-text__content\">\n<p class=\"has-text-align-center has-nv-site-bg-background-color has-text-color has-background\" style=\"color:#000000c2;font-size:24px\">GLAM LAW<strong> \u2013 adwokat biznesu kreatywnego<\/strong><\/p>\n\n\n\n<p class=\"has-text-align-center has-nv-dark-bg-color has-text-color\" style=\"font-size:15px\">Cze\u015b\u0107! Nazywam si\u0119 <strong>Katarzyna Kwasek<\/strong> i jestem adwokatem. <\/p>\n\n\n\n<p class=\"has-text-align-center has-nv-dark-bg-color has-text-color\" style=\"font-size:15px\">Moj\u0105 specjalizacj\u0105 jest <strong>prawo w\u0142asno\u015bci intelektualnej<\/strong>, a szczeg\u00f3lnie <strong>prawo autorskie<\/strong>. Pomagam bran\u017cy kreatywnej ogarn\u0105\u0107 prawnicze tematy. Od zawierania um\u00f3w, przez sprawy korporacyjne, po ewentualny proces s\u0105dowy. Zajmuj\u0119 si\u0119 te\u017c tematami <strong>ochrony danych osobowych<\/strong>.<\/p>\n\n\n\n<p class=\"has-text-align-center has-nv-dark-bg-color has-nv-site-bg-background-color has-text-color has-background\" style=\"font-size:15px\">Pisz\u0119 bloga o prawie w popkulturze \u2013 artyku\u0142y znajdziesz poni\u017cej w zak\u0142adce &#8220;<strong>Baza wiedzy<\/strong>&#8220;. Zapraszam te\u017c na m\u00f3j Instagram <strong><a href=\"https:\/\/www.instagram.com\/glam.law\/\" target=\"_blank\" rel=\"noopener\" title=\"\">glam.law<\/a><\/strong> z wpisami wok\u00f3\u0142 kultury, sztuki, nowych technologii i oczywi\u015bcie \u2013 prawa autorskiego.<\/p>\n<\/div><\/div>\n\n\n\n<div class=\"wp-block-buttons is-horizontal is-content-justification-center is-layout-flex wp-container-core-buttons-is-layout-499968f5 wp-block-buttons-is-layout-flex\">\n<div class=\"wp-block-button is-style-primary\"><a class=\"wp-block-button__link\" href=\"https:\/\/glamlaw.pl\/index.php\/15c42-web-agency-gb-news\/\">BAZA WIEDZY<\/a><\/div>\n\n\n\n<div class=\"wp-block-button ticss-b27938b2 is-style-default\"><a class=\"wp-block-button__link\" href=\"https:\/\/calendly.com\/katarzynakwasek\/30min\" target=\"_blank\" rel=\"noreferrer noopener\">PORADA ONLINE<\/a><\/div>\n<\/div>\n<\/div><\/div>\n\n\n\n<div class=\"wp-block-columns is-layout-flex wp-container-core-columns-is-layout-9d6595d7 wp-block-columns-is-layout-flex\">\n<div class=\"wp-block-column is-layout-flow wp-block-column-is-layout-flow\"><\/div>\n\n\n\n<div class=\"wp-block-column is-layout-flow wp-block-column-is-layout-flow\"><\/div>\n<\/div>\n\n\n\n<div class=\"wp-block-cover alignfull\" style=\"min-height:600px;aspect-ratio:unset;\"><span aria-hidden=\"true\" class=\"wp-block-cover__background has-nv-light-bg-background-color has-background-dim-100 has-background-dim\"><\/span><div class=\"wp-block-cover__inner-container is-layout-flow wp-block-cover-is-layout-flow\">\n<div class=\"wp-block-group\"><div class=\"wp-block-group__inner-container is-layout-flow wp-block-group-is-layout-flow\">\n<div class=\"wp-block-columns are-vertically-aligned-center has-nv-light-bg-background-color has-background is-layout-flex wp-container-core-columns-is-layout-9d6595d7 wp-block-columns-is-layout-flex\">\n<div class=\"wp-block-column is-vertically-aligned-center is-layout-flow wp-block-column-is-layout-flow\" style=\"flex-basis:50%\">\n<figure class=\"wp-block-image size-large is-resized\"><img decoding=\"async\" src=\"https:\/\/glamlaw.pl\/wp-content\/uploads\/2022\/11\/pexels-zeinab-ghassemi-7419233-edited-1-scaled.jpg\" alt=\"\" class=\"wp-image-515\" width=\"512\" srcset=\"https:\/\/glamlaw.pl\/wp-content\/uploads\/2022\/11\/pexels-zeinab-ghassemi-7419233-edited-1-scaled.jpg 2560w, https:\/\/glamlaw.pl\/wp-content\/uploads\/2022\/11\/pexels-zeinab-ghassemi-7419233-edited-1-300x300.jpg 300w, https:\/\/glamlaw.pl\/wp-content\/uploads\/2022\/11\/pexels-zeinab-ghassemi-7419233-edited-1-1024x1024.jpg 1024w, https:\/\/glamlaw.pl\/wp-content\/uploads\/2022\/11\/pexels-zeinab-ghassemi-7419233-edited-1-150x150.jpg 150w, https:\/\/glamlaw.pl\/wp-content\/uploads\/2022\/11\/pexels-zeinab-ghassemi-7419233-edited-1-768x768.jpg 768w, https:\/\/glamlaw.pl\/wp-content\/uploads\/2022\/11\/pexels-zeinab-ghassemi-7419233-edited-1-1536x1536.jpg 1536w, https:\/\/glamlaw.pl\/wp-content\/uploads\/2022\/11\/pexels-zeinab-ghassemi-7419233-edited-1-2048x2048.jpg 2048w\" sizes=\"(max-width: 2560px) 100vw, 2560px\" \/><\/figure>\n<\/div>\n\n\n\n<div class=\"wp-block-column is-vertically-aligned-center is-layout-flow wp-block-column-is-layout-flow\" style=\"flex-basis:50%\">\n<div style=\"height:20px\" aria-hidden=\"true\" class=\"wp-block-spacer\"><\/div>\n\n\n\n<h2 class=\"has-text-align-left has-neve-link-hover-color-color has-text-color wp-block-heading\">Konsultacja prawna<\/h2>\n\n\n\n<p class=\"has-text-align-left has-neve-text-color-color has-text-color\" style=\"font-size:17px\">Masz problem prawny, a nie masz do tego g\u0142owy? Um\u00f3w si\u0119 na 30-minutow\u0105 konsultacj\u0119 prawn\u0105, wsp\u00f3lnie co\u015b wymy\u015blimy!<\/p>\n\n\n\n<div class=\"wp-block-buttons is-horizontal is-content-justification-left is-layout-flex wp-container-core-buttons-is-layout-7e5fce0a wp-block-buttons-is-layout-flex\">\n<div class=\"wp-block-button is-style-primary\"><a class=\"wp-block-button__link\" href=\"https:\/\/calendly.com\/katarzynakwasek\/30min\" target=\"_blank\" rel=\"noreferrer noopener\">UM\u00d3W SI\u0118<\/a><\/div>\n<\/div>\n<\/div>\n<\/div>\n<\/div><\/div>\n<\/div><\/div>\n\n\n\n<div class=\"wp-block-cover alignfull\" style=\"min-height:600px;aspect-ratio:unset;\"><span aria-hidden=\"true\" class=\"wp-block-cover__background has-nv-site-bg-background-color has-background-dim-100 has-background-dim\"><\/span><div class=\"wp-block-cover__inner-container is-layout-flow wp-block-cover-is-layout-flow\">\n<div class=\"wp-block-group has-nv-light-bg-background-color has-background\"><div class=\"wp-block-group__inner-container is-layout-flow wp-block-group-is-layout-flow\">\n<div class=\"wp-block-columns are-vertically-aligned-center has-nv-site-bg-background-color has-background is-layout-flex wp-container-core-columns-is-layout-9d6595d7 wp-block-columns-is-layout-flex\">\n<div class=\"wp-block-column is-vertically-aligned-center is-layout-flow wp-block-column-is-layout-flow\" style=\"flex-basis:50%\">\n<h2 class=\"has-text-align-left has-neve-link-hover-color-color has-text-color wp-block-heading\">Baza wiedzy<\/h2>\n\n\n\n<p class=\"has-text-align-left has-neve-text-color-color has-text-color\" style=\"font-size:17px\">Zajrzyj na m\u00f3j blog \u2013 pisz\u0119 bloga o prawie w popkulturze. Pojawiaj\u0105 si\u0119 tu artyku\u0142y o newtech, prawie w \u015bwiecie mody, filmu&#8230; i nie tylko!<\/p>\n\n\n\n<div class=\"wp-block-buttons is-horizontal is-content-justification-left is-layout-flex wp-container-core-buttons-is-layout-7e5fce0a wp-block-buttons-is-layout-flex\">\n<div class=\"wp-block-button is-style-primary\"><a class=\"wp-block-button__link\" href=\"https:\/\/glamlaw.pl\/index.php\/15c42-web-agency-gb-news\/\" target=\"_blank\" rel=\"noreferrer noopener\">WI\u0118CEJ<\/a><\/div>\n<\/div>\n\n\n\n<div style=\"height:0px\" aria-hidden=\"true\" class=\"wp-block-spacer\"><\/div>\n<\/div>\n\n\n\n<div class=\"wp-block-column is-vertically-aligned-center is-layout-flow wp-block-column-is-layout-flow\" style=\"flex-basis:50%\">\n<figure class=\"wp-block-image size-large\"><img loading=\"lazy\" decoding=\"async\" width=\"2333\" height=\"2333\" src=\"https:\/\/glamlaw.pl\/wp-content\/uploads\/2022\/11\/pexels-cottonbro-studio-4855351-edited.jpg\" alt=\"\" class=\"wp-image-517\" srcset=\"https:\/\/glamlaw.pl\/wp-content\/uploads\/2022\/11\/pexels-cottonbro-studio-4855351-edited.jpg 2333w, https:\/\/glamlaw.pl\/wp-content\/uploads\/2022\/11\/pexels-cottonbro-studio-4855351-edited-300x300.jpg 300w, https:\/\/glamlaw.pl\/wp-content\/uploads\/2022\/11\/pexels-cottonbro-studio-4855351-edited-1024x1024.jpg 1024w, https:\/\/glamlaw.pl\/wp-content\/uploads\/2022\/11\/pexels-cottonbro-studio-4855351-edited-150x150.jpg 150w, https:\/\/glamlaw.pl\/wp-content\/uploads\/2022\/11\/pexels-cottonbro-studio-4855351-edited-768x768.jpg 768w, https:\/\/glamlaw.pl\/wp-content\/uploads\/2022\/11\/pexels-cottonbro-studio-4855351-edited-1536x1536.jpg 1536w, https:\/\/glamlaw.pl\/wp-content\/uploads\/2022\/11\/pexels-cottonbro-studio-4855351-edited-2048x2048.jpg 2048w\" sizes=\"auto, (max-width: 2333px) 100vw, 2333px\" \/><\/figure>\n<\/div>\n<\/div>\n<\/div><\/div>\n<\/div><\/div>\n\n\n\n<div class=\"wp-block-cover alignfull\" style=\"min-height:600px;aspect-ratio:unset;\"><span aria-hidden=\"true\" class=\"wp-block-cover__background has-nv-light-bg-background-color has-background-dim-100 has-background-dim\"><\/span><img decoding=\"async\" class=\"wp-block-cover__image-background\" alt=\"\" src=\"blob:https:\/\/glamlaw.pl\/3f3175a0-1a2d-46cc-9102-b6fc2215c3cc\" data-object-fit=\"cover\"\/><div class=\"wp-block-cover__inner-container is-layout-flow wp-block-cover-is-layout-flow\">\n<div class=\"wp-block-group\"><div class=\"wp-block-group__inner-container is-layout-flow wp-block-group-is-layout-flow\">\n<div class=\"wp-block-columns are-vertically-aligned-center has-nv-light-bg-background-color has-background is-layout-flex wp-container-core-columns-is-layout-9d6595d7 wp-block-columns-is-layout-flex\">\n<div class=\"wp-block-column is-vertically-aligned-center is-layout-flow wp-block-column-is-layout-flow\" style=\"flex-basis:50%\"><div class=\"wp-block-image\">\n<figure class=\"alignleft size-full\"><img loading=\"lazy\" decoding=\"async\" width=\"500\" height=\"500\" src=\"https:\/\/glamlaw.pl\/wp-content\/uploads\/2023\/03\/Projekt-bez-tytulu-2-1.png\" alt=\"\" class=\"wp-image-536\" srcset=\"https:\/\/glamlaw.pl\/wp-content\/uploads\/2023\/03\/Projekt-bez-tytulu-2-1.png 500w, https:\/\/glamlaw.pl\/wp-content\/uploads\/2023\/03\/Projekt-bez-tytulu-2-1-300x300.png 300w, https:\/\/glamlaw.pl\/wp-content\/uploads\/2023\/03\/Projekt-bez-tytulu-2-1-150x150.png 150w\" sizes=\"auto, (max-width: 500px) 100vw, 500px\" \/><\/figure><\/div><\/div>\n\n\n\n<div class=\"wp-block-column is-vertically-aligned-center is-layout-flow wp-block-column-is-layout-flow\" style=\"flex-basis:50%\">\n<div style=\"height:40px\" aria-hidden=\"true\" class=\"wp-block-spacer\"><\/div>\n\n\n\n<h2 class=\"has-text-align-left has-neve-link-hover-color-color has-text-color wp-block-heading\">Prawniczka na miar\u0119<\/h2>\n\n\n\n<p class=\"has-text-align-left has-neve-link-hover-color-color has-text-color\" style=\"font-size:17px\">Chcesz dowiedzie\u0107 si\u0119 wi\u0119cej na m\u00f3j temat?<\/p>\n\n\n\n<div class=\"wp-block-buttons is-horizontal is-content-justification-left is-layout-flex wp-container-core-buttons-is-layout-7e5fce0a wp-block-buttons-is-layout-flex\">\n<div class=\"wp-block-button is-style-primary\"><a class=\"wp-block-button__link has-neve-link-color-background-color has-background\" href=\"https:\/\/glamlaw.pl\/index.php\/o-mnie\/\" target=\"_blank\" rel=\"noreferrer noopener\">WI\u0118CEJ<\/a><\/div>\n<\/div>\n<\/div>\n<\/div>\n<\/div><\/div>\n<\/div><\/div>\n\n\n\n<div class=\"wp-block-cover alignfull\" style=\"min-height:600px;aspect-ratio:unset;\"><span aria-hidden=\"true\" class=\"wp-block-cover__background has-nv-site-bg-background-color has-background-dim-100 has-background-dim\"><\/span><div class=\"wp-block-cover__inner-container is-layout-flow wp-block-cover-is-layout-flow\">\n<div class=\"wp-block-group\"><div class=\"wp-block-group__inner-container is-layout-flow wp-block-group-is-layout-flow\">\n<div style=\"height:80px\" aria-hidden=\"true\" class=\"wp-block-spacer\"><\/div>\n\n\n\n<h2 class=\"has-neve-text-color-color has-text-color wp-block-heading\">Najnowsze posty na Instagramie<\/h2>\n\n\n\n\n\n<div style=\"height:20px\" aria-hidden=\"true\" class=\"wp-block-spacer\"><\/div>\n\n\n\n<div class=\"wp-block-columns are-vertically-aligned-center is-layout-flex wp-container-core-columns-is-layout-9d6595d7 wp-block-columns-is-layout-flex\"><\/div>\n\n\n\n<div style=\"height:40px\" aria-hidden=\"true\" class=\"wp-block-spacer\"><\/div>\n<\/div><\/div>\n<\/div><\/div>\n\n\n\n<div class=\"wp-block-cover alignfull\" style=\"min-height:420px;aspect-ratio:unset;\"><span aria-hidden=\"true\" class=\"wp-block-cover__background has-nv-light-bg-background-color has-background-dim-100 has-background-dim\"><\/span><div class=\"wp-block-cover__inner-container is-layout-flow wp-block-cover-is-layout-flow\">\n<div style=\"height:80px\" aria-hidden=\"true\" class=\"wp-block-spacer\"><\/div>\n\n\n\n<p class=\"has-text-align-center has-nv-dark-bg-color has-text-color has-large-font-size\"><strong>Znajd\u017a mnie <\/strong>w social mediach<\/p>\n\n\n\n<div class=\"wp-block-columns is-layout-flex wp-container-core-columns-is-layout-9d6595d7 wp-block-columns-is-layout-flex\">\n<div class=\"wp-block-column ticss-4ce656f1 is-layout-flow wp-block-column-is-layout-flow\"><div class=\"wp-block-image is-style-rounded\">\n<figure class=\"aligncenter size-thumbnail is-resized\"><a href=\"https:\/\/www.facebook.com\/katarzynakwasek.law\" target=\"_blank\" rel=\"noreferrer noopener\"><img loading=\"lazy\" decoding=\"async\" src=\"https:\/\/glamlaw.pl\/wp-content\/uploads\/2022\/11\/facebook-2170419_1280-150x150.png\" alt=\"\" class=\"wp-image-502\" width=\"113\" height=\"113\" srcset=\"https:\/\/glamlaw.pl\/wp-content\/uploads\/2022\/11\/facebook-2170419_1280-150x150.png 150w, https:\/\/glamlaw.pl\/wp-content\/uploads\/2022\/11\/facebook-2170419_1280-300x300.png 300w, https:\/\/glamlaw.pl\/wp-content\/uploads\/2022\/11\/facebook-2170419_1280-1024x1024.png 1024w, https:\/\/glamlaw.pl\/wp-content\/uploads\/2022\/11\/facebook-2170419_1280-768x768.png 768w, https:\/\/glamlaw.pl\/wp-content\/uploads\/2022\/11\/facebook-2170419_1280.png 1280w\" sizes=\"auto, (max-width: 113px) 100vw, 113px\" \/><\/a><\/figure><\/div><\/div>\n\n\n\n<div class=\"wp-block-column ticss-f6fc7494 is-layout-flow wp-block-column-is-layout-flow\"><div class=\"wp-block-image is-style-rounded\">\n<figure class=\"aligncenter size-thumbnail is-resized\"><a href=\"https:\/\/www.instagram.com\/glam.law\/\" target=\"_blank\" rel=\"noreferrer noopener\"><img loading=\"lazy\" decoding=\"async\" src=\"https:\/\/glamlaw.pl\/wp-content\/uploads\/2022\/11\/instagram-2170420_1280-150x150.png\" alt=\"\" class=\"wp-image-503\" width=\"113\" height=\"113\" srcset=\"https:\/\/glamlaw.pl\/wp-content\/uploads\/2022\/11\/instagram-2170420_1280-150x150.png 150w, https:\/\/glamlaw.pl\/wp-content\/uploads\/2022\/11\/instagram-2170420_1280-300x300.png 300w, https:\/\/glamlaw.pl\/wp-content\/uploads\/2022\/11\/instagram-2170420_1280-1024x1024.png 1024w, https:\/\/glamlaw.pl\/wp-content\/uploads\/2022\/11\/instagram-2170420_1280-768x768.png 768w, https:\/\/glamlaw.pl\/wp-content\/uploads\/2022\/11\/instagram-2170420_1280.png 1280w\" sizes=\"auto, (max-width: 113px) 100vw, 113px\" \/><\/a><\/figure><\/div><\/div>\n\n\n\n<div class=\"wp-block-column ticss-a5b4df29 is-layout-flow wp-block-column-is-layout-flow\"><div class=\"wp-block-image is-style-rounded\">\n<figure class=\"aligncenter size-thumbnail is-resized\"><a href=\"https:\/\/www.linkedin.com\/in\/katarzyna-kwasek\/\" target=\"_blank\" rel=\"noreferrer noopener\"><img loading=\"lazy\" decoding=\"async\" src=\"https:\/\/glamlaw.pl\/wp-content\/uploads\/2022\/11\/linkedin-2170421_1280-150x150.png\" alt=\"\" class=\"wp-image-504\" width=\"113\" height=\"113\" srcset=\"https:\/\/glamlaw.pl\/wp-content\/uploads\/2022\/11\/linkedin-2170421_1280-150x150.png 150w, https:\/\/glamlaw.pl\/wp-content\/uploads\/2022\/11\/linkedin-2170421_1280-300x300.png 300w, https:\/\/glamlaw.pl\/wp-content\/uploads\/2022\/11\/linkedin-2170421_1280-1024x1024.png 1024w, https:\/\/glamlaw.pl\/wp-content\/uploads\/2022\/11\/linkedin-2170421_1280-768x768.png 768w, https:\/\/glamlaw.pl\/wp-content\/uploads\/2022\/11\/linkedin-2170421_1280.png 1280w\" sizes=\"auto, (max-width: 113px) 100vw, 113px\" \/><\/a><\/figure><\/div>\n\n\n<div style=\"height:20px\" aria-hidden=\"true\" class=\"wp-block-spacer\"><\/div>\n<\/div>\n<\/div>\n\n\n\n<div style=\"height:30px\" aria-hidden=\"true\" class=\"wp-block-spacer\"><\/div>\n<\/div><\/div>\n\n\n\n<p class=\"has-text-align-center has-nv-light-bg-color has-text-color\">Autorzy zdj\u0119\u0107 od g\u00f3ry: Zeinab Ghassemi, Cottonbro Studio<\/p>\n","protected":false},"excerpt":{"rendered":"<p>Autorzy zdj\u0119\u0107 od g\u00f3ry: Zeinab Ghassemi, Cottonbro Studio<\/p>\n","protected":false},"author":1,"featured_media":0,"parent":0,"menu_order":0,"comment_status":"closed","ping_status":"closed","template":"","meta":{"om_disable_all_campaigns":false,"_mi_skip_tracking":false,"_monsterinsights_sitenote_active":false,"_monsterinsights_sitenote_note":"","_monsterinsights_sitenote_category":0,"neve_meta_sidebar":"default","neve_meta_container":"default","neve_meta_enable_content_width":"on","neve_meta_content_width":100,"neve_meta_title_alignment":"","neve_meta_author_avatar":"","neve_post_elements_order":"","neve_meta_disable_header":"","neve_meta_disable_footer":"","neve_meta_disable_title":"on","_themeisle_gutenberg_block_has_review":false,"_ti_tpc_template_sync":false,"_ti_tpc_template_id":"cwhkd9lki581rusuhjti","footnotes":""},"class_list":["post-5","page","type-page","status-publish","hentry"],"aioseo_notices":[],"_links":{"self":[{"href":"https:\/\/glamlaw.pl\/index.php\/wp-json\/wp\/v2\/pages\/5","targetHints":{"allow":["GET"]}}],"collection":[{"href":"https:\/\/glamlaw.pl\/index.php\/wp-json\/wp\/v2\/pages"}],"about":[{"href":"https:\/\/glamlaw.pl\/index.php\/wp-json\/wp\/v2\/types\/page"}],"author":[{"embeddable":true,"href":"https:\/\/glamlaw.pl\/index.php\/wp-json\/wp\/v2\/users\/1"}],"replies":[{"embeddable":true,"href":"https:\/\/glamlaw.pl\/index.php\/wp-json\/wp\/v2\/comments?post=5"}],"version-history":[{"count":28,"href":"https:\/\/glamlaw.pl\/index.php\/wp-json\/wp\/v2\/pages\/5\/revisions"}],"predecessor-version":[{"id":591,"href":"https:\/\/glamlaw.pl\/index.php\/wp-json\/wp\/v2\/pages\/5\/revisions\/591"}],"wp:attachment":[{"href":"https:\/\/glamlaw.pl\/index.php\/wp-json\/wp\/v2\/media?parent=5"}],"curies":[{"name":"wp","href":"https:\/\/api.w.org\/{rel}","templated":true}]}}